{"id":72,"date":"2025-10-29T21:01:58","date_gmt":"2025-10-29T21:01:58","guid":{"rendered":"https:\/\/ryoconstrucciones.net\/?page_id=72"},"modified":"2025-10-29T21:01:58","modified_gmt":"2025-10-29T21:01:58","slug":"moviliario-y-acabadis","status":"publish","type":"page","link":"https:\/\/ryoconstrucciones.net\/index.php\/moviliario-y-acabadis\/","title":{"rendered":"MOVILIARIO Y ACABADOS"},"content":{"rendered":"\n<div class=\"wp-block-group alignfull has-global-padding is-layout-constrained wp-block-group-is-layout-constrained\" style=\"margin-top:0;margin-bottom:0\">\n<div class=\"wp-block-group alignwide is-layout-grid wp-container-core-group-is-layout-5fdb10e5 wp-block-group-is-layout-grid\" style=\"padding-top:var(--wp--preset--spacing--50);padding-bottom:var(--wp--preset--spacing--50)\">\n<div class=\"wp-block-group is-nowrap is-layout-flex wp-container-core-group-is-layout-c1740a5a wp-block-group-is-layout-flex\">\n<div class=\"wp-block-group is-vertical is-content-justification-left is-layout-flex wp-container-core-group-is-layout-dd225191 wp-block-group-is-layout-flex\">\n<p class=\"is-style-text-subtitle is-style-text-subtitle--1\">INSTALACION DE PISOS DE ACABADOS<\/p>\n<\/div>\n<\/div>\n\n\n\n<figure class=\"wp-block-image size-full wp-container-content-5fd69529\"><img loading=\"lazy\" decoding=\"async\" width=\"400\" height=\"225\" src=\"https:\/\/ryoconstrucciones.net\/wp-content\/uploads\/2025\/10\/How-to-install-hardwood-flooring-3.jpg\" alt=\"\" class=\"wp-image-73\" style=\"aspect-ratio:1;object-fit:cover\" srcset=\"https:\/\/ryoconstrucciones.net\/wp-content\/uploads\/2025\/10\/How-to-install-hardwood-flooring-3.jpg 400w, https:\/\/ryoconstrucciones.net\/wp-content\/uploads\/2025\/10\/How-to-install-hardwood-flooring-3-300x169.jpg 300w\" sizes=\"auto, (max-width: 400px) 100vw, 400px\" \/><\/figure>\n<\/div>\n<\/div>\n\n\n\n<div class=\"wp-block-group alignfull is-style-section-5 has-global-padding is-layout-constrained wp-block-group-is-layout-constrained is-style-section-5--2\" style=\"margin-top:0;margin-bottom:0;padding-top:var(--wp--preset--spacing--50);padding-bottom:var(--wp--preset--spacing--50)\">\n<div class=\"wp-block-columns alignwide is-layout-flex wp-container-core-columns-is-layout-7ee84d44 wp-block-columns-is-layout-flex\">\n<div class=\"wp-block-column is-vertically-aligned-center is-layout-flow wp-block-column-is-layout-flow\" style=\"flex-basis:50%\">\n<h2 class=\"wp-block-heading has-text-align-center\">OBRA GRIS Y BLANCAS Y ACABADOS DE POST VENTAS<\/h2>\n<\/div>\n\n\n\n<div class=\"wp-block-column is-vertically-aligned-center is-layout-flow wp-block-column-is-layout-flow\" style=\"flex-basis:50%\">\n<figure class=\"wp-block-image aligncenter size-full is-resized\"><img loading=\"lazy\" decoding=\"async\" width=\"1024\" height=\"682\" src=\"https:\/\/ryoconstrucciones.net\/wp-content\/uploads\/2025\/10\/Diferencia_entre_obra_negra_y_obra_gris-1024x682-1.jpeg\" alt=\"\" class=\"wp-image-74\" style=\"aspect-ratio:1;object-fit:cover;width:401px;height:auto\" srcset=\"https:\/\/ryoconstrucciones.net\/wp-content\/uploads\/2025\/10\/Diferencia_entre_obra_negra_y_obra_gris-1024x682-1.jpeg 1024w, https:\/\/ryoconstrucciones.net\/wp-content\/uploads\/2025\/10\/Diferencia_entre_obra_negra_y_obra_gris-1024x682-1-300x200.jpeg 300w, https:\/\/ryoconstrucciones.net\/wp-content\/uploads\/2025\/10\/Diferencia_entre_obra_negra_y_obra_gris-1024x682-1-768x512.jpeg 768w\" sizes=\"auto, (max-width: 1024px) 100vw, 1024px\" \/><\/figure>\n<\/div>\n<\/div>\n<\/div>\n\n\n\n<div class=\"wp-block-group alignwide is-layout-grid wp-container-core-group-is-layout-5fdb10e5 wp-block-group-is-layout-grid\" style=\"padding-top:var(--wp--preset--spacing--50);padding-bottom:var(--wp--preset--spacing--50)\">\n<div class=\"wp-block-group is-vertical is-content-justification-stretch is-nowrap is-layout-flex wp-container-core-group-is-layout-5f548111 wp-block-group-is-layout-flex\">\n<div class=\"wp-block-group is-vertical is-content-justification-center is-layout-flex wp-container-core-group-is-layout-b6c1f246 wp-block-group-is-layout-flex\">\n<p class=\"has-text-align-left is-style-text-subtitle is-style-text-subtitle--3\">ACABADOS EN CIELO RASO Y DETALLES EN MOBILIARIO<\/p>\n<\/div>\n<\/div>\n\n\n\n<figure class=\"wp-block-image size-medium wp-container-content-5fd69529\"><img loading=\"lazy\" decoding=\"async\" width=\"300\" height=\"225\" src=\"https:\/\/ryoconstrucciones.net\/wp-content\/uploads\/2025\/10\/665133dc727767.87575628-300x225.jpg\" alt=\"\" class=\"wp-image-75\" style=\"aspect-ratio:1;object-fit:cover\" srcset=\"https:\/\/ryoconstrucciones.net\/wp-content\/uploads\/2025\/10\/665133dc727767.87575628-300x225.jpg 300w, https:\/\/ryoconstrucciones.net\/wp-content\/uploads\/2025\/10\/665133dc727767.87575628-768x576.jpg 768w, https:\/\/ryoconstrucciones.net\/wp-content\/uploads\/2025\/10\/665133dc727767.87575628.jpg 800w\" sizes=\"auto, (max-width: 300px) 100vw, 300px\" \/><\/figure>\n<\/div>\n\n\n\n<div class=\"wp-block-group alignfull is-style-section-5 has-global-padding is-layout-constrained wp-block-group-is-layout-constrained is-style-section-5--4\" style=\"margin-top:0;margin-bottom:0;padding-top:var(--wp--preset--spacing--50);padding-bottom:var(--wp--preset--spacing--50)\">\n<div class=\"wp-block-columns alignwide is-layout-flex wp-container-core-columns-is-layout-7ee84d44 wp-block-columns-is-layout-flex\">\n<div class=\"wp-block-column is-vertically-aligned-center is-layout-flow wp-block-column-is-layout-flow\" style=\"flex-basis:50%\">\n<h2 class=\"wp-block-heading has-text-align-center\">ARREGLOS VARIOS EN BA\u00d1OS Y COCINAS<\/h2>\n<\/div>\n\n\n\n<div class=\"wp-block-column is-vertically-aligned-center is-layout-flow wp-block-column-is-layout-flow\" style=\"flex-basis:50%\">\n<figure class=\"wp-block-image size-full\"><img loading=\"lazy\" decoding=\"async\" width=\"1200\" height=\"630\" src=\"https:\/\/ryoconstrucciones.net\/wp-content\/uploads\/2025\/10\/banos-y-cocinas-de-menos-de-6-m2_ae394a10_1200x630.png\" alt=\"\" class=\"wp-image-76\" style=\"aspect-ratio:1;object-fit:cover\" srcset=\"https:\/\/ryoconstrucciones.net\/wp-content\/uploads\/2025\/10\/banos-y-cocinas-de-menos-de-6-m2_ae394a10_1200x630.png 1200w, https:\/\/ryoconstrucciones.net\/wp-content\/uploads\/2025\/10\/banos-y-cocinas-de-menos-de-6-m2_ae394a10_1200x630-300x158.png 300w, https:\/\/ryoconstrucciones.net\/wp-content\/uploads\/2025\/10\/banos-y-cocinas-de-menos-de-6-m2_ae394a10_1200x630-1024x538.png 1024w, https:\/\/ryoconstrucciones.net\/wp-content\/uploads\/2025\/10\/banos-y-cocinas-de-menos-de-6-m2_ae394a10_1200x630-768x403.png 768w\" sizes=\"auto, (max-width: 1200px) 100vw, 1200px\" \/><\/figure>\n<\/div>\n<\/div>\n<\/div>\n\n\n\n<div class=\"wp-block-group alignfull has-global-padding is-layout-constrained wp-block-group-is-layout-constrained\" style=\"margin-top:0;margin-bottom:0\">\n<div class=\"wp-block-group alignwide is-layout-grid wp-container-core-group-is-layout-5fdb10e5 wp-block-group-is-layout-grid\" style=\"padding-top:var(--wp--preset--spacing--50);padding-bottom:var(--wp--preset--spacing--50)\">\n<div class=\"wp-block-group wp-container-content-5fd69529 is-vertical is-content-justification-stretch is-nowrap is-layout-flex wp-container-core-group-is-layout-5f548111 wp-block-group-is-layout-flex\">\n<div class=\"wp-block-group is-vertical is-content-justification-center is-layout-flex wp-container-core-group-is-layout-5e763914 wp-block-group-is-layout-flex\">\n<p class=\"has-text-align-center is-style-text-subtitle is-style-text-subtitle--5\">ACABADOS DE PISOS<\/p>\n<\/div>\n<\/div>\n\n\n\n<figure class=\"wp-block-image size-full\"><img loading=\"lazy\" decoding=\"async\" width=\"268\" height=\"188\" src=\"https:\/\/ryoconstrucciones.net\/wp-content\/uploads\/2025\/10\/images-2-1.jpg\" alt=\"\" class=\"wp-image-77\" style=\"aspect-ratio:1;object-fit:cover\"\/><\/figure>\n<\/div>\n<\/div>\n\n\n\n<div class=\"wp-block-group alignfull is-style-section-5 has-global-padding is-layout-constrained wp-block-group-is-layout-constrained is-style-section-5--6\" style=\"margin-top:0;margin-bottom:0;padding-top:var(--wp--preset--spacing--50);padding-bottom:var(--wp--preset--spacing--50)\">\n<div class=\"wp-block-columns alignwide is-layout-flex wp-container-core-columns-is-layout-7ee84d44 wp-block-columns-is-layout-flex\">\n<div class=\"wp-block-column is-vertically-aligned-center is-layout-flow wp-block-column-is-layout-flow\" style=\"flex-basis:50%\">\n<h2 class=\"wp-block-heading has-text-align-center\">ACABADOS DE MURO<\/h2>\n<\/div>\n\n\n\n<div class=\"wp-block-column is-vertically-aligned-center is-layout-flow wp-block-column-is-layout-flow\" style=\"flex-basis:50%\">\n<figure class=\"wp-block-image size-full is-resized\"><img loading=\"lazy\" decoding=\"async\" width=\"686\" height=\"386\" src=\"https:\/\/ryoconstrucciones.net\/wp-content\/uploads\/2025\/10\/hq720-1.jpg\" alt=\"\" class=\"wp-image-79\" style=\"aspect-ratio:1;object-fit:cover;width:473px;height:auto\" srcset=\"https:\/\/ryoconstrucciones.net\/wp-content\/uploads\/2025\/10\/hq720-1.jpg 686w, https:\/\/ryoconstrucciones.net\/wp-content\/uploads\/2025\/10\/hq720-1-300x169.jpg 300w\" sizes=\"auto, (max-width: 686px) 100vw, 686px\" \/><\/figure>\n<\/div>\n<\/div>\n<\/div>\n\n\n\n<div class=\"wp-block-group alignfull has-global-padding is-layout-constrained wp-block-group-is-layout-constrained\" style=\"margin-top:0;margin-bottom:0\">\n<div class=\"wp-block-group alignwide is-layout-grid wp-container-core-group-is-layout-5fdb10e5 wp-block-group-is-layout-grid\" style=\"padding-top:var(--wp--preset--spacing--50);padding-bottom:var(--wp--preset--spacing--50)\">\n<div class=\"wp-block-group is-vertical is-content-justification-center is-nowrap is-layout-flex wp-container-core-group-is-layout-177d78b1 wp-block-group-is-layout-flex\">\n<div class=\"wp-block-group is-vertical is-content-justification-left is-layout-flex wp-container-core-group-is-layout-58619254 wp-block-group-is-layout-flex\">\n<p class=\"is-style-text-subtitle is-style-text-subtitle--7\">CAMBIOS EN DRYWALL, VINILSHADE,<br>DISE\u00d1OS EXCLUSIVOS<\/p>\n<\/div>\n<\/div>\n\n\n\n<figure class=\"wp-block-image size-full\"><img loading=\"lazy\" decoding=\"async\" width=\"196\" height=\"257\" src=\"https:\/\/ryoconstrucciones.net\/wp-content\/uploads\/2025\/10\/images-3-1.jpg\" alt=\"\" class=\"wp-image-80\" style=\"aspect-ratio:1;object-fit:cover\"\/><\/figure>\n<\/div>\n<\/div>\n\n\n\n<div class=\"wp-block-group alignfull is-style-section-5 has-global-padding is-layout-constrained wp-block-group-is-layout-constrained is-style-section-5--8\" style=\"margin-top:0;margin-bottom:0;padding-top:var(--wp--preset--spacing--50);padding-bottom:var(--wp--preset--spacing--50)\">\n<div class=\"wp-block-columns alignwide is-layout-flex wp-container-core-columns-is-layout-7ee84d44 wp-block-columns-is-layout-flex\">\n<div class=\"wp-block-column is-vertically-aligned-center is-layout-flow wp-block-column-is-layout-flow\" style=\"flex-basis:50%\">\n<h2 class=\"wp-block-heading has-text-align-center\">DETALLES DE CARPINTER\u00cdA EN<br>MADERA, ALUMINIO Y VIDRIOS DE<br>SEGURIDAD<\/h2>\n<\/div>\n\n\n\n<div class=\"wp-block-column is-vertically-aligned-center is-layout-flow wp-block-column-is-layout-flow\" style=\"flex-basis:50%\">\n<figure class=\"wp-block-image size-full is-resized\"><img loading=\"lazy\" decoding=\"async\" width=\"960\" height=\"692\" src=\"https:\/\/ryoconstrucciones.net\/wp-content\/uploads\/2025\/10\/detalle-bambu-escalera-madera.jpg\" alt=\"\" class=\"wp-image-81\" style=\"aspect-ratio:1;object-fit:cover;width:414px;height:auto\" srcset=\"https:\/\/ryoconstrucciones.net\/wp-content\/uploads\/2025\/10\/detalle-bambu-escalera-madera.jpg 960w, https:\/\/ryoconstrucciones.net\/wp-content\/uploads\/2025\/10\/detalle-bambu-escalera-madera-300x216.jpg 300w, https:\/\/ryoconstrucciones.net\/wp-content\/uploads\/2025\/10\/detalle-bambu-escalera-madera-768x554.jpg 768w\" sizes=\"auto, (max-width: 960px) 100vw, 960px\" \/><\/figure>\n<\/div>\n<\/div>\n<\/div>\n\n\n\n<div class=\"wp-block-group alignfull has-global-padding is-layout-constrained wp-block-group-is-layout-constrained\" style=\"margin-top:0;margin-bottom:0\">\n<div class=\"wp-block-group alignwide is-layout-grid wp-container-core-group-is-layout-5fdb10e5 wp-block-group-is-layout-grid\" style=\"padding-top:var(--wp--preset--spacing--50);padding-bottom:var(--wp--preset--spacing--50)\">\n<div class=\"wp-block-group is-vertical is-content-justification-center is-nowrap is-layout-flex wp-container-core-group-is-layout-177d78b1 wp-block-group-is-layout-flex\">\n<div class=\"wp-block-group is-vertical is-content-justification-left is-layout-flex wp-container-core-group-is-layout-58619254 wp-block-group-is-layout-flex\">\n<p class=\"is-style-text-subtitle is-style-text-subtitle--9\">DETALLES EN OBRAS DE URBANISMO<\/p>\n<\/div>\n<\/div>\n\n\n\n<figure class=\"wp-block-image size-full\"><img loading=\"lazy\" decoding=\"async\" width=\"1200\" height=\"800\" src=\"https:\/\/ryoconstrucciones.net\/wp-content\/uploads\/2025\/10\/topografia-urbanismo-construccion.jpg\" alt=\"\" class=\"wp-image-82\" style=\"aspect-ratio:1;object-fit:cover\" srcset=\"https:\/\/ryoconstrucciones.net\/wp-content\/uploads\/2025\/10\/topografia-urbanismo-construccion.jpg 1200w, https:\/\/ryoconstrucciones.net\/wp-content\/uploads\/2025\/10\/topografia-urbanismo-construccion-300x200.jpg 300w, https:\/\/ryoconstrucciones.net\/wp-content\/uploads\/2025\/10\/topografia-urbanismo-construccion-1024x683.jpg 1024w, https:\/\/ryoconstrucciones.net\/wp-content\/uploads\/2025\/10\/topografia-urbanismo-construccion-768x512.jpg 768w\" sizes=\"auto, (max-width: 1200px) 100vw, 1200px\" \/><\/figure>\n<\/div>\n<\/div>\n","protected":false},"excerpt":{"rendered":"<p>INSTALACION DE PISOS DE ACABADOS OBRA GRIS Y BLANCAS Y ACABADOS DE POST VENTAS ACABADOS EN CIELO RASO Y DETALLES EN MOBILIARIO ARREGLOS VARIOS EN BA\u00d1OS Y COCINAS ACABADOS DE PISOS ACABADOS DE MURO CAMBIOS EN DRYWALL, VINILSHADE,DISE\u00d1OS EXCLUSIVOS DETALLES DE CARPINTER\u00cdA ENMADERA, ALUMINIO Y VIDRIOS DESEGURIDAD DETALLES EN OBRAS DE URBANISMO<\/p>\n","protected":false},"author":1,"featured_media":0,"parent":0,"menu_order":0,"comment_status":"closed","ping_status":"closed","template":"","meta":{"footnotes":""},"class_list":["post-72","page","type-page","status-publish","hentry"],"_links":{"self":[{"href":"https:\/\/ryoconstrucciones.net\/index.php\/wp-json\/wp\/v2\/pages\/72","targetHints":{"allow":["GET"]}}],"collection":[{"href":"https:\/\/ryoconstrucciones.net\/index.php\/wp-json\/wp\/v2\/pages"}],"about":[{"href":"https:\/\/ryoconstrucciones.net\/index.php\/wp-json\/wp\/v2\/types\/page"}],"author":[{"embeddable":true,"href":"https:\/\/ryoconstrucciones.net\/index.php\/wp-json\/wp\/v2\/users\/1"}],"replies":[{"embeddable":true,"href":"https:\/\/ryoconstrucciones.net\/index.php\/wp-json\/wp\/v2\/comments?post=72"}],"version-history":[{"count":1,"href":"https:\/\/ryoconstrucciones.net\/index.php\/wp-json\/wp\/v2\/pages\/72\/revisions"}],"predecessor-version":[{"id":83,"href":"https:\/\/ryoconstrucciones.net\/index.php\/wp-json\/wp\/v2\/pages\/72\/revisions\/83"}],"wp:attachment":[{"href":"https:\/\/ryoconstrucciones.net\/index.php\/wp-json\/wp\/v2\/media?parent=72"}],"curies":[{"name":"wp","href":"https:\/\/api.w.org\/{rel}","templated":true}]}}