{"id":53,"date":"2025-10-29T15:58:20","date_gmt":"2025-10-29T15:58:20","guid":{"rendered":"https:\/\/ryoconstrucciones.net\/?page_id=53"},"modified":"2025-10-29T15:58:20","modified_gmt":"2025-10-29T15:58:20","slug":"servicios","status":"publish","type":"page","link":"https:\/\/ryoconstrucciones.net\/index.php\/servicios\/","title":{"rendered":"SERVICIOS"},"content":{"rendered":"\n<div class=\"wp-block-group alignfull has-global-padding is-layout-constrained wp-block-group-is-layout-constrained\" style=\"margin-top:0;margin-bottom:0;padding-top:var(--wp--preset--spacing--50);padding-bottom:var(--wp--preset--spacing--50)\">\n<div class=\"wp-block-columns alignwide is-layout-flex wp-container-core-columns-is-layout-fa584acd wp-block-columns-is-layout-flex\">\n<div class=\"wp-block-column is-vertically-aligned-center is-layout-flow wp-block-column-is-layout-flow\">\n<h2 class=\"wp-block-heading has-xx-large-font-size\">OBRAS CIVILES<\/h2>\n\n\n\n<p class=\"has-medium-font-size\">Las <strong>obras civiles<\/strong> comprenden el dise\u00f1o, construcci\u00f3n y mantenimiento de infraestructuras. Este campo combina ingenier\u00eda, planificaci\u00f3n y gesti\u00f3n para garantizar estructuras seguras, funcionales y sostenibles, cumpliendo con los est\u00e1ndares t\u00e9cnicos y normativos de cada proyecto.<\/p>\n<\/div>\n\n\n\n<div class=\"wp-block-column is-vertically-aligned-center is-layout-flow wp-block-column-is-layout-flow\">\n<figure class=\"wp-block-image size-full\"><img loading=\"lazy\" decoding=\"async\" width=\"1074\" height=\"720\" src=\"https:\/\/ryoconstrucciones.net\/wp-content\/uploads\/2025\/10\/1694104031162-1.png\" alt=\"\" class=\"wp-image-55\" style=\"aspect-ratio:1;object-fit:cover\" srcset=\"https:\/\/ryoconstrucciones.net\/wp-content\/uploads\/2025\/10\/1694104031162-1.png 1074w, https:\/\/ryoconstrucciones.net\/wp-content\/uploads\/2025\/10\/1694104031162-1-300x201.png 300w, https:\/\/ryoconstrucciones.net\/wp-content\/uploads\/2025\/10\/1694104031162-1-1024x686.png 1024w, https:\/\/ryoconstrucciones.net\/wp-content\/uploads\/2025\/10\/1694104031162-1-768x515.png 768w\" sizes=\"auto, (max-width: 1074px) 100vw, 1074px\" \/><\/figure>\n<\/div>\n<\/div>\n<\/div>\n\n\n\n<div class=\"wp-block-columns alignfull is-layout-flex wp-container-core-columns-is-layout-9c22b1e3 wp-block-columns-is-layout-flex\">\n<div class=\"wp-block-column is-layout-flow wp-block-column-is-layout-flow\" style=\"flex-basis:55%\">\n<div style=\"aspect-ratio:1;min-height:unset;\" class=\"wp-block-cover is-light has-aspect-ratio\"><img loading=\"lazy\" decoding=\"async\" width=\"336\" height=\"280\" class=\"wp-block-cover__image-background wp-image-56 size-full\" alt=\"\" src=\"https:\/\/ryoconstrucciones.net\/wp-content\/uploads\/2025\/10\/El-estudio-de-los-materiales-de-construccion.jpg\" data-object-fit=\"cover\" srcset=\"https:\/\/ryoconstrucciones.net\/wp-content\/uploads\/2025\/10\/El-estudio-de-los-materiales-de-construccion.jpg 336w, https:\/\/ryoconstrucciones.net\/wp-content\/uploads\/2025\/10\/El-estudio-de-los-materiales-de-construccion-300x250.jpg 300w\" sizes=\"auto, (max-width: 336px) 100vw, 336px\" \/><span aria-hidden=\"true\" class=\"wp-block-cover__background has-background-dim-0 has-background-dim\" style=\"background-color:#ce9872\"><\/span><div class=\"wp-block-cover__inner-container is-layout-flow wp-block-cover-is-layout-flow\">\n<div style=\"height:var(--wp--preset--spacing--20)\" aria-hidden=\"true\" class=\"wp-block-spacer\"><\/div>\n<\/div><\/div>\n<\/div>\n\n\n\n<div class=\"wp-block-column is-vertically-aligned-center is-layout-flow wp-block-column-is-layout-flow\" style=\"padding-top:var(--wp--preset--spacing--60);padding-right:var(--wp--preset--spacing--60);padding-bottom:var(--wp--preset--spacing--60);padding-left:var(--wp--preset--spacing--60)\">\n<h2 class=\"wp-block-heading has-xx-large-font-size\">ACABADOS EN GENERAL<\/h2>\n\n\n\n<p>Los <strong>acabados en general<\/strong> abarcan todos los trabajos finales que otorgan est\u00e9tica, funcionalidad y calidad a una obra. Incluyen revestimientos, pintura, carpinter\u00eda, enchapes, instalaciones, cielo rasos y otros detalles que garantizan un resultado final \u00f3ptimo y duradero. Este proceso busca combinar t\u00e9cnica y dise\u00f1o para lograr espacios seguros, confortables y visualmente atractivos.<\/p>\n<\/div>\n<\/div>\n\n\n\n<div class=\"wp-block-group alignfull has-global-padding is-layout-constrained wp-block-group-is-layout-constrained\" style=\"margin-top:0;margin-bottom:0;padding-top:var(--wp--preset--spacing--50);padding-bottom:var(--wp--preset--spacing--50)\">\n<div class=\"wp-block-columns alignwide is-layout-flex wp-container-core-columns-is-layout-fa584acd wp-block-columns-is-layout-flex\">\n<div class=\"wp-block-column is-vertically-aligned-center is-layout-flow wp-block-column-is-layout-flow\">\n<h2 class=\"wp-block-heading has-xx-large-font-size\">OBRA METAL MECANICA<\/h2>\n\n\n\n<p class=\"has-medium-font-size\">La <strong>obra metalmec\u00e1nica<\/strong> comprende la fabricaci\u00f3n, instalaci\u00f3n y mantenimiento de estructuras met\u00e1licas de una infraestructura. Incluye trabajos como soldadura, montaje de estructuras, fabricaci\u00f3n de soportes, barandas, escaleras y techos met\u00e1licos, garantizando resistencia, precisi\u00f3n y cumplimiento de normas de seguridad y calidad.<\/p>\n<\/div>\n\n\n\n<div class=\"wp-block-column is-vertically-aligned-center is-layout-flow wp-block-column-is-layout-flow\">\n<figure class=\"wp-block-image size-full\"><img loading=\"lazy\" decoding=\"async\" width=\"800\" height=\"500\" src=\"https:\/\/ryoconstrucciones.net\/wp-content\/uploads\/2025\/10\/9055c6_10df87152c7341be908bae1b6f1f6a3fmv2.jpg\" alt=\"\" class=\"wp-image-57\" style=\"aspect-ratio:1;object-fit:cover\" srcset=\"https:\/\/ryoconstrucciones.net\/wp-content\/uploads\/2025\/10\/9055c6_10df87152c7341be908bae1b6f1f6a3fmv2.jpg 800w, https:\/\/ryoconstrucciones.net\/wp-content\/uploads\/2025\/10\/9055c6_10df87152c7341be908bae1b6f1f6a3fmv2-300x188.jpg 300w, https:\/\/ryoconstrucciones.net\/wp-content\/uploads\/2025\/10\/9055c6_10df87152c7341be908bae1b6f1f6a3fmv2-768x480.jpg 768w\" sizes=\"auto, (max-width: 800px) 100vw, 800px\" \/><\/figure>\n<\/div>\n<\/div>\n<\/div>\n\n\n\n<div class=\"wp-block-columns alignfull is-layout-flex wp-container-core-columns-is-layout-9c22b1e3 wp-block-columns-is-layout-flex\">\n<div class=\"wp-block-column is-layout-flow wp-block-column-is-layout-flow\" style=\"flex-basis:55%\">\n<div style=\"aspect-ratio:1;min-height:unset;\" class=\"wp-block-cover is-light has-aspect-ratio\"><img loading=\"lazy\" decoding=\"async\" width=\"600\" height=\"450\" class=\"wp-block-cover__image-background wp-image-58 size-full\" alt=\"\" src=\"https:\/\/ryoconstrucciones.net\/wp-content\/uploads\/2025\/10\/obras_civiles_obras_sanitarias_8.jpg\" data-object-fit=\"cover\" srcset=\"https:\/\/ryoconstrucciones.net\/wp-content\/uploads\/2025\/10\/obras_civiles_obras_sanitarias_8.jpg 600w, https:\/\/ryoconstrucciones.net\/wp-content\/uploads\/2025\/10\/obras_civiles_obras_sanitarias_8-300x225.jpg 300w\" sizes=\"auto, (max-width: 600px) 100vw, 600px\" \/><span aria-hidden=\"true\" class=\"wp-block-cover__background has-background-dim-0 has-background-dim\" style=\"background-color:#927d63\"><\/span><div class=\"wp-block-cover__inner-container is-layout-flow wp-block-cover-is-layout-flow\">\n<div style=\"height:var(--wp--preset--spacing--20)\" aria-hidden=\"true\" class=\"wp-block-spacer\"><\/div>\n<\/div><\/div>\n<\/div>\n\n\n\n<div class=\"wp-block-column is-vertically-aligned-center is-layout-flow wp-block-column-is-layout-flow\" style=\"padding-top:var(--wp--preset--spacing--60);padding-right:var(--wp--preset--spacing--60);padding-bottom:var(--wp--preset--spacing--60);padding-left:var(--wp--preset--spacing--60)\">\n<h2 class=\"wp-block-heading has-xx-large-font-size\">OBRAS SANITARIAS<\/h2>\n\n\n\n<p>Las <strong>obras sanitarias<\/strong> abarcan el dise\u00f1o, instalaci\u00f3n y mantenimiento de sistemas de agua potable, desag\u00fce, drenaje pluvial y redes sanitarias en general. Estos trabajos aseguran el correcto funcionamiento y la eficiencia de las infraestructuras hidr\u00e1ulicas, garantizando condiciones adecuadas de higiene, salubridad y sostenibilidad en cada proyecto.<\/p>\n<\/div>\n<\/div>\n\n\n\n<div class=\"wp-block-group alignfull has-global-padding is-layout-constrained wp-block-group-is-layout-constrained\" style=\"margin-top:0;margin-bottom:0;padding-top:var(--wp--preset--spacing--50);padding-bottom:var(--wp--preset--spacing--50)\">\n<div class=\"wp-block-columns alignwide is-layout-flex wp-container-core-columns-is-layout-fa584acd wp-block-columns-is-layout-flex\">\n<div class=\"wp-block-column is-vertically-aligned-center is-layout-flow wp-block-column-is-layout-flow\">\n<h2 class=\"wp-block-heading has-xx-large-font-size\">OBRAS ELECTRICAS<\/h2>\n\n\n\n<p class=\"has-medium-font-size\">Las <strong>obras el\u00e9ctricas<\/strong> comprenden la instalaci\u00f3n, mantenimiento y supervisi\u00f3n de sistemas el\u00e9ctricos en baja, media y alta tensi\u00f3n. Incluyen iluminaci\u00f3n, tableros de control, puesta a tierra y sistemas de protecci\u00f3n, garantizando un suministro seguro, eficiente y acorde con las normativas vigentes para todo tipo de proyectos industriales, comerciales y residenciales.<\/p>\n<\/div>\n\n\n\n<div class=\"wp-block-column is-vertically-aligned-center is-layout-flow wp-block-column-is-layout-flow\">\n<figure class=\"wp-block-image size-full\"><img loading=\"lazy\" decoding=\"async\" width=\"1500\" height=\"1000\" src=\"https:\/\/ryoconstrucciones.net\/wp-content\/uploads\/2025\/10\/tableros-electricos-portada.png\" alt=\"\" class=\"wp-image-59\" style=\"aspect-ratio:1;object-fit:cover\" srcset=\"https:\/\/ryoconstrucciones.net\/wp-content\/uploads\/2025\/10\/tableros-electricos-portada.png 1500w, https:\/\/ryoconstrucciones.net\/wp-content\/uploads\/2025\/10\/tableros-electricos-portada-300x200.png 300w, https:\/\/ryoconstrucciones.net\/wp-content\/uploads\/2025\/10\/tableros-electricos-portada-1024x683.png 1024w, https:\/\/ryoconstrucciones.net\/wp-content\/uploads\/2025\/10\/tableros-electricos-portada-768x512.png 768w\" sizes=\"auto, (max-width: 1500px) 100vw, 1500px\" \/><\/figure>\n<\/div>\n<\/div>\n<\/div>\n\n\n\n<div class=\"wp-block-columns alignfull is-layout-flex wp-container-core-columns-is-layout-9c22b1e3 wp-block-columns-is-layout-flex\">\n<div class=\"wp-block-column is-layout-flow wp-block-column-is-layout-flow\" style=\"flex-basis:55%\">\n<div style=\"aspect-ratio:1;min-height:unset;\" class=\"wp-block-cover has-aspect-ratio\"><img loading=\"lazy\" decoding=\"async\" width=\"403\" height=\"268\" class=\"wp-block-cover__image-background wp-image-60 size-full\" alt=\"\" src=\"https:\/\/ryoconstrucciones.net\/wp-content\/uploads\/2025\/10\/que-es-la-refrigeracion-industrial-art.jpg\" data-object-fit=\"cover\" srcset=\"https:\/\/ryoconstrucciones.net\/wp-content\/uploads\/2025\/10\/que-es-la-refrigeracion-industrial-art.jpg 403w, https:\/\/ryoconstrucciones.net\/wp-content\/uploads\/2025\/10\/que-es-la-refrigeracion-industrial-art-300x200.jpg 300w\" sizes=\"auto, (max-width: 403px) 100vw, 403px\" \/><span aria-hidden=\"true\" class=\"wp-block-cover__background has-background-dim-0 has-background-dim\" style=\"background-color:#6b858e\"><\/span><div class=\"wp-block-cover__inner-container is-layout-flow wp-block-cover-is-layout-flow\">\n<div style=\"height:var(--wp--preset--spacing--20)\" aria-hidden=\"true\" class=\"wp-block-spacer\"><\/div>\n<\/div><\/div>\n<\/div>\n\n\n\n<div class=\"wp-block-column is-vertically-aligned-center is-layout-flow wp-block-column-is-layout-flow\" style=\"padding-top:var(--wp--preset--spacing--60);padding-right:var(--wp--preset--spacing--60);padding-bottom:var(--wp--preset--spacing--60);padding-left:var(--wp--preset--spacing--60)\">\n<h2 class=\"wp-block-heading has-xx-large-font-size\">REFRIGERACION INDUSTRIAL<\/h2>\n\n\n\n<p>La <strong>refrigeraci\u00f3n industrial<\/strong> se enfoca en el dise\u00f1o, instalaci\u00f3n y mantenimiento de sistemas de climatizaci\u00f3n y control t\u00e9rmico para procesos industriales, almacenes, plantas de producci\u00f3n y c\u00e1maras de conservaci\u00f3n. Estos sistemas garantizan condiciones \u00f3ptimas de temperatura y eficiencia energ\u00e9tica, contribuyendo al buen funcionamiento de la cadena de fr\u00edo y a la preservaci\u00f3n de productos sensibles.<\/p>\n<\/div>\n<\/div>\n\n\n\n<div class=\"wp-block-group alignfull has-global-padding is-layout-constrained wp-block-group-is-layout-constrained\" style=\"margin-top:0;margin-bottom:0\">\n<div class=\"wp-block-group alignfull has-global-padding is-layout-constrained wp-block-group-is-layout-constrained\" style=\"margin-top:0;margin-bottom:0;padding-top:var(--wp--preset--spacing--50);padding-bottom:var(--wp--preset--spacing--50)\">\n<div class=\"wp-block-columns alignwide is-layout-flex wp-container-core-columns-is-layout-fa584acd wp-block-columns-is-layout-flex\">\n<div class=\"wp-block-column is-vertically-aligned-center is-layout-flow wp-block-column-is-layout-flow\">\n<h2 class=\"wp-block-heading has-xx-large-font-size\">CONSTRUCCI\u00d3N FOSAS BALANZAS CAMIONERAS<\/h2>\n\n\n\n<p class=\"has-medium-font-size\">consiste en el desarrollo de estructuras de concreto reforzado dise\u00f1adas para albergar sistemas de pesaje de veh\u00edculos de carga. Este tipo de obra requiere precisi\u00f3n en la nivelaci\u00f3n, drenaje, aislamiento y soporte estructural, garantizando la durabilidad, exactitud del pesaje y cumplimiento de los est\u00e1ndares t\u00e9cnicos y de seguridad exigidos en instalaciones industriales y log\u00edsticas.<\/p>\n<\/div>\n\n\n\n<div class=\"wp-block-column is-vertically-aligned-center is-layout-flow wp-block-column-is-layout-flow\">\n<figure class=\"wp-block-image size-full\"><img loading=\"lazy\" decoding=\"async\" width=\"1024\" height=\"1024\" src=\"https:\/\/ryoconstrucciones.net\/wp-content\/uploads\/2025\/10\/fosa_balanza_2mb.jpg\" alt=\"\" class=\"wp-image-61\" style=\"aspect-ratio:1;object-fit:cover\" srcset=\"https:\/\/ryoconstrucciones.net\/wp-content\/uploads\/2025\/10\/fosa_balanza_2mb.jpg 1024w, https:\/\/ryoconstrucciones.net\/wp-content\/uploads\/2025\/10\/fosa_balanza_2mb-300x300.jpg 300w, https:\/\/ryoconstrucciones.net\/wp-content\/uploads\/2025\/10\/fosa_balanza_2mb-150x150.jpg 150w, https:\/\/ryoconstrucciones.net\/wp-content\/uploads\/2025\/10\/fosa_balanza_2mb-768x768.jpg 768w\" sizes=\"auto, (max-width: 1024px) 100vw, 1024px\" \/><\/figure>\n<\/div>\n<\/div>\n<\/div>\n<\/div>\n\n\n\n<div class=\"wp-block-columns alignfull is-layout-flex wp-container-core-columns-is-layout-9c22b1e3 wp-block-columns-is-layout-flex\">\n<div class=\"wp-block-column is-layout-flow wp-block-column-is-layout-flow\" style=\"flex-basis:55%\">\n<div style=\"aspect-ratio:1;min-height:unset;\" class=\"wp-block-cover is-light has-aspect-ratio\"><img loading=\"lazy\" decoding=\"async\" width=\"800\" height=\"800\" class=\"wp-block-cover__image-background wp-image-65 size-full\" alt=\"\" src=\"https:\/\/ryoconstrucciones.net\/wp-content\/uploads\/2025\/10\/fabricacion-de-tolvas-graneleras.jpg\" data-object-fit=\"cover\" srcset=\"https:\/\/ryoconstrucciones.net\/wp-content\/uploads\/2025\/10\/fabricacion-de-tolvas-graneleras.jpg 800w, https:\/\/ryoconstrucciones.net\/wp-content\/uploads\/2025\/10\/fabricacion-de-tolvas-graneleras-300x300.jpg 300w, https:\/\/ryoconstrucciones.net\/wp-content\/uploads\/2025\/10\/fabricacion-de-tolvas-graneleras-150x150.jpg 150w, https:\/\/ryoconstrucciones.net\/wp-content\/uploads\/2025\/10\/fabricacion-de-tolvas-graneleras-768x768.jpg 768w\" sizes=\"auto, (max-width: 800px) 100vw, 800px\" \/><span aria-hidden=\"true\" class=\"wp-block-cover__background has-background-dim-0 has-background-dim\" style=\"background-color:#828bad\"><\/span><div class=\"wp-block-cover__inner-container is-layout-flow wp-block-cover-is-layout-flow\">\n<div style=\"height:var(--wp--preset--spacing--20)\" aria-hidden=\"true\" class=\"wp-block-spacer\"><\/div>\n<\/div><\/div>\n<\/div>\n\n\n\n<div class=\"wp-block-column is-vertically-aligned-center is-layout-flow wp-block-column-is-layout-flow\" style=\"padding-top:var(--wp--preset--spacing--60);padding-right:var(--wp--preset--spacing--60);padding-bottom:var(--wp--preset--spacing--60);padding-left:var(--wp--preset--spacing--60)\">\n<h2 class=\"wp-block-heading has-xx-large-font-size\">FABRICACI\u00d3N TOLBAS GRANELERAS<\/h2>\n\n\n\n<p>La <strong>fabricaci\u00f3n de tolvas graneleras<\/strong> comprende el dise\u00f1o y construcci\u00f3n de recipientes met\u00e1licos destinados al almacenamiento, transporte y descarga de materiales a granel, como granos, minerales o productos industriales. Estas estructuras se elaboran con materiales de alta resistencia y bajo estrictos controles de calidad, garantizando durabilidad, seguridad operativa y un flujo eficiente en los procesos log\u00edsticos y productivos.<\/p>\n<\/div>\n<\/div>\n","protected":false},"excerpt":{"rendered":"<p>OBRAS CIVILES Las obras civiles comprenden el dise\u00f1o, construcci\u00f3n y mantenimiento de infraestructuras. Este campo combina ingenier\u00eda, planificaci\u00f3n y gesti\u00f3n para garantizar estructuras seguras, funcionales y sostenibles, cumpliendo con los est\u00e1ndares t\u00e9cnicos y normativos de cada proyecto. ACABADOS EN GENERAL Los acabados en general abarcan todos los trabajos finales que otorgan est\u00e9tica, funcionalidad y calidad [&hellip;]<\/p>\n","protected":false},"author":1,"featured_media":0,"parent":0,"menu_order":0,"comment_status":"closed","ping_status":"closed","template":"","meta":{"footnotes":""},"class_list":["post-53","page","type-page","status-publish","hentry"],"_links":{"self":[{"href":"https:\/\/ryoconstrucciones.net\/index.php\/wp-json\/wp\/v2\/pages\/53","targetHints":{"allow":["GET"]}}],"collection":[{"href":"https:\/\/ryoconstrucciones.net\/index.php\/wp-json\/wp\/v2\/pages"}],"about":[{"href":"https:\/\/ryoconstrucciones.net\/index.php\/wp-json\/wp\/v2\/types\/page"}],"author":[{"embeddable":true,"href":"https:\/\/ryoconstrucciones.net\/index.php\/wp-json\/wp\/v2\/users\/1"}],"replies":[{"embeddable":true,"href":"https:\/\/ryoconstrucciones.net\/index.php\/wp-json\/wp\/v2\/comments?post=53"}],"version-history":[{"count":1,"href":"https:\/\/ryoconstrucciones.net\/index.php\/wp-json\/wp\/v2\/pages\/53\/revisions"}],"predecessor-version":[{"id":66,"href":"https:\/\/ryoconstrucciones.net\/index.php\/wp-json\/wp\/v2\/pages\/53\/revisions\/66"}],"wp:attachment":[{"href":"https:\/\/ryoconstrucciones.net\/index.php\/wp-json\/wp\/v2\/media?parent=53"}],"curies":[{"name":"wp","href":"https:\/\/api.w.org\/{rel}","templated":true}]}}